{"id":13,"date":"2021-08-25T15:15:18","date_gmt":"2021-08-25T15:15:18","guid":{"rendered":"http:\/\/academia.primaevocorp.com\/index.php\/cart\/"},"modified":"2021-10-22T19:56:31","modified_gmt":"2021-10-22T19:56:31","slug":"carrito","status":"publish","type":"page","link":"https:\/\/academia.primaevocorp.com\/index.php\/carrito\/","title":{"rendered":"Carrito"},"content":{"rendered":"\n\n\n\n<div class=\"wp-block-stackable-notification is-style-plain stk-block-notification stk--is-dismissible stk-block stk-f4f426d\" data-block-id=\"f4f426d\"><style>.stk-f4f426d{box-shadow:0px 2px 20px rgba(153,153,153,0.2) !important}.stk-f4f426d .stk-block-notification__content{padding-top:32px !important;padding-right:32px !important;padding-bottom:32px !important;padding-left:32px !important}.stk-f4f426d .stk-block-notification__close-button svg{fill:var(--stk-container-background-color,#40ba7b) !important}<\/style><div class=\"stk-block-notification__content stk-content-align stk-f4f426d-column stk-container stk-f4f426d-container stk--no-background stk--no-padding\"><div class=\"stk-block-content stk-inner-blocks\">\n<div class=\"wp-block-stackable-icon stk-block-icon stk-block stk-f8efa6b\" data-block-id=\"f8efa6b\"><style>.stk-f8efa6b .stk--svg-wrapper .stk--inner-svg svg:last-child,.stk-f8efa6b .stk--svg-wrapper .stk--inner-svg svg:last-child :is(g,path,rect,polygon,ellipse){fill:var(--stk-container-background-color,#40ba7b) !important}<\/style><span class=\"stk--svg-wrapper\"><div class=\"stk--inner-svg\"><svg style=\"height:0;width:0\"><defs><linearGradient id=\"linear-gradient-f8efa6b\" x1=\"0\" x2=\"100%\" y1=\"0\" y2=\"0\"><stop offset=\"0%\" style=\"stop-opacity:1;stop-color:var(--linear-gradient-f-8-efa-6-b-color-1)\"><\/stop><stop offset=\"100%\" style=\"stop-opacity:1;stop-color:var(--linear-gradient-f-8-efa-6-b-color-2)\"><\/stop><\/linearGradient><\/defs><\/svg><svg data-prefix=\"fas\" data-icon=\"exclamation-triangle\" class=\"svg-inline--fa fa-exclamation-triangle fa-w-18\" xmlns=\"http:\/\/www.w3.org\/2000\/svg\" viewBox=\"0 0 576 512\" aria-hidden=\"true\" width=\"32\" height=\"32\"><path fill=\"currentColor\" d=\"M569.517 440.013C587.975 472.007 564.806 512 527.94 512H48.054c-36.937 0-59.999-40.055-41.577-71.987L246.423 23.985c18.467-32.009 64.72-31.951 83.154 0l239.94 416.028zM288 354c-25.405 0-46 20.595-46 46s20.595 46 46 46 46-20.595 46-46-20.595-46-46-46zm-43.673-165.346l7.418 136c.347 6.364 5.609 11.346 11.982 11.346h48.546c6.373 0 11.635-4.982 11.982-11.346l7.418-136c.375-6.874-5.098-12.654-11.982-12.654h-63.383c-6.884 0-12.356 5.78-11.981 12.654z\"><\/path><\/svg><\/div><\/span><\/div>\n\n\n\n<div class=\"wp-block-stackable-heading stk-block-heading stk-block stk-c491189\" data-block-id=\"c491189\"><style>.stk-c491189 .stk-block-heading__text{margin:0 !important;color:var(--stk-container-background-color,#40ba7b) !important}<\/style><h3 class=\"stk-block-heading__text has-text-color\">\u00a1Ten en cuenta!<\/h3><\/div>\n\n\n\n<div class=\"wp-block-stackable-text stk-block-text stk-block stk-b522004\" data-block-id=\"b522004\"><style>.stk-b522004 .stk-block-text__text{color:var(--stk-container-background-color,#40ba7b) !important}<\/style><p class=\"stk-block-text__text has-text-color\">Para poder realizar el pago tu carrito de compras, debes estar primero registrado. Puedes darle clic a <strong>Reg\u00edstrate aqu\u00ed<\/strong> para realizar el registro. Si ya estas registrado, tienes que acceder y debes darle clic al bot\u00f3n <span style=\"color: var(--theme-palette-color-1, #2872fa);\" class=\"stk-highlight\"><strong>Accede aqu\u00ed<\/strong><\/span>:<\/p><\/div>\n\n\n\n<div class=\"wp-block-stackable-button-group stk-block-button-group stk-block stk-3d13cfc\" data-block-id=\"3d13cfc\"><div class=\"stk-row stk-inner-blocks stk-block-content stk-button-group\">\n<div class=\"wp-block-stackable-button stk-block-button stk-block stk-7225c20\" data-block-id=\"7225c20\"><style>.stk-7225c20 .stk-button{background:transparent !important}.stk-7225c20 .stk-button:before{border-style:solid !important;border-color:var(--stk-container-background-color,#40ba7b) !important;border-top-width:1px !important;border-right-width:1px !important;border-bottom-width:1px !important;border-left-width:1px !important}.stk-7225c20 .stk-button__inner-text{color:var(--stk-container-background-color,#40ba7b) !important}<\/style><a class=\"stk-link stk-button stk--hover-effect-darken\" href=\"https:\/\/academia.primaevocorp.com\/index.php\/registro\/\"><span class=\"has-text-color stk-button__inner-text\">Reg\u00edstrate aqu\u00ed<\/span><\/a><\/div>\n\n\n\n<div class=\"wp-block-stackable-button stk-block-button is-style-ghost stk-block stk-ebd91ad\" data-block-id=\"ebd91ad\"><style>.stk-ebd91ad .stk-button{background:transparent !important}.stk-ebd91ad .stk-button:hover:after{background:transparent !important;opacity:1 !important}:where(.stk-hover-parent:hover,.stk-hover-parent.stk--is-hovered) .stk-ebd91ad .stk-button:after{background:transparent !important;opacity:1 !important}.stk-ebd91ad .stk-button:before{border-style:solid !important;border-color:var(--theme-palette-color-1,#2872fa) !important}.stk-ebd91ad .stk-button__inner-text{color:var(--theme-palette-color-1,#2872fa) !important}<\/style><a class=\"stk-link stk-button stk--hover-effect-darken\" href=\"https:\/\/academia.primaevocorp.com\/index.php\/mi-cuenta-2\/\"><span class=\"has-text-color has-palette-color-1-color stk-button__inner-text\">Accede aqu\u00ed<\/span><\/a><\/div>\n<\/div><\/div>\n\n\n\n<p><\/p>\n<\/div><button class=\"stk-block-notification__close-button\"><svg viewbox=\"0 0 28.3 28.3\" xmlns=\"http:\/\/www.w3.org\/2000\/svg\" width=\"16\" height=\"16\"><path d=\"M52.4-166.2c3.2 0 3.2-5 0-5s-3.2 5 0 5zM16.8 13.9L26.9 3.8c.6-.6.6-1.5 0-2.1s-1.5-.6-2.1 0L14.7 11.8 4.6 1.7c-.6-.6-1.5-.6-2.1 0s-.6 1.5 0 2.1l10.1 10.1L2.5 24c-.6.6-.6 1.5 0 2.1.3.3.7.4 1.1.4s.8-.1 1.1-.4l10-10.1 10.1 10.1c.3.3.7.4 1.1.4s.8-.1 1.1-.4c.6-.6.6-1.5 0-2.1L16.8 13.9z\"><\/path><\/svg><\/button><\/div><\/div>\n","protected":false},"excerpt":{"rendered":"<p>\u00a1Ten en cuenta! Para poder realizar el pago tu carrito de compras, debes estar primero registrado. Puedes darle clic a Reg\u00edstrate aqu\u00ed para realizar el registro. Si ya estas registrado, tienes que acceder y debes darle clic al bot\u00f3n Accede aqu\u00ed: Reg\u00edstrate aqu\u00ed Accede aqu\u00ed<\/p>\n","protected":false},"author":1,"featured_media":0,"parent":0,"menu_order":0,"comment_status":"closed","ping_status":"closed","template":"","meta":{"footnotes":""},"class_list":["post-13","page","type-page","status-publish","hentry"],"blocksy_meta":{"styles_descriptor":{"styles":{"desktop":"","tablet":"","mobile":""},"google_fonts":[],"version":6}},"featured_image_urls":{"full":"","thumbnail":"","medium":"","medium_large":"","large":"","course_archive_thumbnail":"","course_single_thumbnail":"","lesson_archive_thumbnail":"","lesson_single_thumbnail":"","1536x1536":"","2048x2048":"","woocommerce_archive_thumbnail":"","woocommerce_thumbnail":"","woocommerce_single":"","woocommerce_gallery_thumbnail":""},"post_excerpt_stackable":"<p>\u00a1Ten en cuenta! Para poder realizar el pago tu carrito de compras, debes estar primero registrado. Puedes darle clic a Reg\u00edstrate aqu\u00ed para realizar el registro. Si ya estas registrado, tienes que acceder y debes darle clic al bot\u00f3n Accede aqu\u00ed: Reg\u00edstrate aqu\u00ed Accede aqu\u00ed<\/p>\n","category_list":"","author_info":{"name":"primaevoadmin","url":"https:\/\/academia.primaevocorp.com\/index.php\/author\/primaevoadmin\/"},"comments_num":"0 comentarios","featured_image_urls_v2":{"full":"","thumbnail":"","medium":"","medium_large":"","large":"","course_archive_thumbnail":"","course_single_thumbnail":"","lesson_archive_thumbnail":"","lesson_single_thumbnail":"","1536x1536":"","2048x2048":"","woocommerce_archive_thumbnail":"","woocommerce_thumbnail":"","woocommerce_single":"","woocommerce_gallery_thumbnail":""},"post_excerpt_stackable_v2":"<p>\u00a1Ten en cuenta! Para poder realizar el pago tu carrito de compras, debes estar primero registrado. Puedes darle clic a Reg\u00edstrate aqu\u00ed para realizar el registro. Si ya estas registrado, tienes que acceder y debes darle clic al bot\u00f3n Accede aqu\u00ed: Reg\u00edstrate aqu\u00ed Accede aqu\u00ed<\/p>\n","category_list_v2":"","author_info_v2":{"name":"primaevoadmin","url":"https:\/\/academia.primaevocorp.com\/index.php\/author\/primaevoadmin\/"},"comments_num_v2":"0 comentarios","_links":{"self":[{"href":"https:\/\/academia.primaevocorp.com\/index.php\/wp-json\/wp\/v2\/pages\/13","targetHints":{"allow":["GET"]}}],"collection":[{"href":"https:\/\/academia.primaevocorp.com\/index.php\/wp-json\/wp\/v2\/pages"}],"about":[{"href":"https:\/\/academia.primaevocorp.com\/index.php\/wp-json\/wp\/v2\/types\/page"}],"author":[{"embeddable":true,"href":"https:\/\/academia.primaevocorp.com\/index.php\/wp-json\/wp\/v2\/users\/1"}],"replies":[{"embeddable":true,"href":"https:\/\/academia.primaevocorp.com\/index.php\/wp-json\/wp\/v2\/comments?post=13"}],"version-history":[{"count":3,"href":"https:\/\/academia.primaevocorp.com\/index.php\/wp-json\/wp\/v2\/pages\/13\/revisions"}],"predecessor-version":[{"id":324,"href":"https:\/\/academia.primaevocorp.com\/index.php\/wp-json\/wp\/v2\/pages\/13\/revisions\/324"}],"wp:attachment":[{"href":"https:\/\/academia.primaevocorp.com\/index.php\/wp-json\/wp\/v2\/media?parent=13"}],"curies":[{"name":"wp","href":"https:\/\/api.w.org\/{rel}","templated":true}]}}