{"id":163,"date":"2021-09-13T16:17:14","date_gmt":"2021-09-13T16:17:14","guid":{"rendered":"https:\/\/academia.primaevocorp.com\/index.php\/mi-cuenta-2\/"},"modified":"2021-09-13T16:21:44","modified_gmt":"2021-09-13T16:21:44","slug":"mi-cuenta-2","status":"publish","type":"page","link":"https:\/\/academia.primaevocorp.com\/index.php\/mi-cuenta-2\/","title":{"rendered":"Mi cuenta"},"content":{"rendered":"<div id=\"user-registration\" class=\"user-registration\">\n<div class=\"ur-frontend-form login  \" id=\"ur-frontend-form\">\n\t\t<form class=\"user-registration-form user-registration-form-login login\" method=\"post\">\n\t\t<div class=\"ur-form-row\">\n\t\t\t<div class=\"ur-form-grid\">\n\t\t\t\t\t\t\t\t\t\t\t\t<div\n\t\t\t\t\tclass=\" user-registration-form-row user-registration-form-row--wide form-row form-row-wide\"\n\t\t\t\t\tdata-field=\"username\">\n\t\t\t\t\t<label for=\"username\">Nombre de usuario o direcci\u00f3n de correo electr\u00f3nico <span class=\"required\">*<\/span><\/label>\t\t\t\t\t<span class=\"input-wrapper\">\n\t\t\t\t\t\t<input placeholder=\"\" type=\"text\"\n\t\t\t\t\t\t\t   class=\"user-registration-Input user-registration-Input--text input-text\" name=\"username\"\n\t\t\t\t\t\t\t   id=\"username\"\n\t\t\t\t\t\t\t   value=\"\"\n\t\t\t\t\t\t\t   style=\"\"\n\t\t\t\t\t\t\t   \t\t\t\t\t\t\/>\n\t\t\t\t\t\t\t\t\t\t\t\t<\/span>\n\t\t\t\t<\/div>\n\t\t\t\t\t\t\t\t\t<div\n\t\t\t\t\t\tclass=\" user-registration-form-row user-registration-form-row--wide form-row form-row-wide\"\n\t\t\t\t\t\tdata-field=\"password\">\n\t\t\t\t\t\t<label for=\"password\">Contrase\u00f1a <span class=\"required\">*<\/span><\/label>\t\t\t\t\t\t<span class=\"input-wrapper\">\n\t\t\t\t\t\t<span class=\"password-input-group\">\n\t\t\t\t\t\t<input\n\t\t\t\t\t\t\tplaceholder=\"\"\n\t\t\t\t\t\t\tclass=\"user-registration-Input user-registration-Input--text input-text\" type=\"password\"\n\t\t\t\t\t\t\tname=\"password\" id=\"password\"\n\t\t\t\t\t\t\tstyle=\"\"\n\t\t\t\t\t\t\t\t\t\t\t\t\t\/>\n\n\t\t\t\t\t\t\t\t\t\t\t\t\t\t\t\t\t\t\t<\/span>\n\t\t\t\t\t<\/div>\n\t\t\t\t\t\t\t\t\n\t\t\t\t\t\t\t\t<div class=\"form-row\">\n\t\t\t\t\t<input type=\"hidden\" id=\"user-registration-login-nonce\" name=\"user-registration-login-nonce\" value=\"572b720b30\" \/><input type=\"hidden\" name=\"_wp_http_referer\" value=\"\/index.php\/wp-json\/wp\/v2\/pages\/163\" \/>\t\t\t\t\t\t<div class=\"user-registration-before-login-btn\">\n\t\t\t\t\t\t\t\t\t\t\t\t\t\t\t<div class=\"\" data-field=\"remember-me\">\n\t\t\t\t\t\t\t\t\t<label\n\t\t\t\t\t\t\t\t\t\tclass=\"user-registration-form__label user-registration-form__label-for-checkbox inline\">\n\t\t\t\t\t\t\t\t\t\t<input\n\t\t\t\t\t\t\t\t\t\t\tclass=\"user-registration-form__input user-registration-form__input-checkbox\"\n\t\t\t\t\t\t\t\t\t\t\tname=\"rememberme\" type=\"checkbox\" id=\"rememberme\" value=\"forever\"\n\t\t\t\t\t\t\t\t\t\t\t\t\t\t\t\t\t\t\t\t\t\/>\n\t\t\t\t\t\t\t\t\t\t<span>Recu\u00e9rdame<\/span>\n\t\t\t\t\t\t\t\t\t<\/label>\n\t\t\t\t\t\t\t\t<\/div>\n\t\t\t\t\t\t\t\t\t\t\t\t\t\t\t\t\t\t\t\t\t\t\t<div data-field=\"lost-password\"\n\t\t\t\t\t\t\t\t\t class=\"user-registration-LostPassword lost_password \">\n\t\t\t\t\t\t\t\t\t<label\n\t\t\t\t\t\t\t\t\t\tclass=\"user-registration-form__label user-registration-form__label-for-checkbox inline\">\n\t\t\t\t\t\t\t\t\t\t<a href=\"https:\/\/academia.primaevocorp.com\/index.php\/mi-cuenta-2\/lost-password\/\">\u00bfHas perdido tu contrase\u00f1a?<\/a>\n\t\t\t\t\t\t\t\t\t<\/label>\n\t\t\t\t\t\t\t\t<\/div>\n\t\t\t\t\t\t\t\t\t\t\t\t\t\t<\/div>\n\t\t\t\t\t\t\t\t\t\t<\/div>\n\t\t\t\t<div data-field=\"login-button\" class=\"\">\n\t\t\t\t\t\t\t\t\t\t\t\t\t\t\t\t<button type=\"submit\"\n\t\t\t\t\t\t\t\tclass=\"user-registration-Button button ur-submit-button  \"\n\t\t\t\t\t\t\t\tname=\"login\"\n\t\t\t\t\t\t\t\tvalue=\"Acceso\">Acceso<\/button>\n\t\t\t\t\t\t\t\t\t<\/div>\n\t\t\t\t<input type=\"hidden\" name=\"redirect\"\n\t\t\t\t\t   value=\"\"\/>\n\n\t\t\t\t\t\t\t\t\t\t\t<\/div>\n\t\t<\/div>\n\t<\/form>\n<\/div>\n\n<\/div>\n","protected":false},"excerpt":{"rendered":"","protected":false},"author":1,"featured_media":0,"parent":0,"menu_order":0,"comment_status":"closed","ping_status":"closed","template":"","meta":{"footnotes":""},"class_list":["post-163","page","type-page","status-publish","hentry"],"blocksy_meta":{"styles_descriptor":{"styles":{"desktop":"","tablet":"","mobile":""},"google_fonts":[],"version":6}},"featured_image_urls":{"full":"","thumbnail":"","medium":"","medium_large":"","large":"","course_archive_thumbnail":"","course_single_thumbnail":"","lesson_archive_thumbnail":"","lesson_single_thumbnail":"","1536x1536":"","2048x2048":"","woocommerce_archive_thumbnail":"","woocommerce_thumbnail":"","woocommerce_single":"","woocommerce_gallery_thumbnail":""},"post_excerpt_stackable":"<p>Nombre de usuario o direcci\u00f3n de correo electr\u00f3nico * Contrase\u00f1a * Recu\u00e9rdame \u00bfHas perdido tu contrase\u00f1a? Acceso<\/p>\n","category_list":"","author_info":{"name":"primaevoadmin","url":"https:\/\/academia.primaevocorp.com\/index.php\/author\/primaevoadmin\/"},"comments_num":"0 comentarios","featured_image_urls_v2":{"full":"","thumbnail":"","medium":"","medium_large":"","large":"","course_archive_thumbnail":"","course_single_thumbnail":"","lesson_archive_thumbnail":"","lesson_single_thumbnail":"","1536x1536":"","2048x2048":"","woocommerce_archive_thumbnail":"","woocommerce_thumbnail":"","woocommerce_single":"","woocommerce_gallery_thumbnail":""},"post_excerpt_stackable_v2":"<p>Nombre de usuario o direcci\u00f3n de correo electr\u00f3nico * Contrase\u00f1a * Recu\u00e9rdame \u00bfHas perdido tu contrase\u00f1a? Acceso<\/p>\n","category_list_v2":"","author_info_v2":{"name":"primaevoadmin","url":"https:\/\/academia.primaevocorp.com\/index.php\/author\/primaevoadmin\/"},"comments_num_v2":"0 comentarios","_links":{"self":[{"href":"https:\/\/academia.primaevocorp.com\/index.php\/wp-json\/wp\/v2\/pages\/163","targetHints":{"allow":["GET"]}}],"collection":[{"href":"https:\/\/academia.primaevocorp.com\/index.php\/wp-json\/wp\/v2\/pages"}],"about":[{"href":"https:\/\/academia.primaevocorp.com\/index.php\/wp-json\/wp\/v2\/types\/page"}],"author":[{"embeddable":true,"href":"https:\/\/academia.primaevocorp.com\/index.php\/wp-json\/wp\/v2\/users\/1"}],"replies":[{"embeddable":true,"href":"https:\/\/academia.primaevocorp.com\/index.php\/wp-json\/wp\/v2\/comments?post=163"}],"version-history":[{"count":1,"href":"https:\/\/academia.primaevocorp.com\/index.php\/wp-json\/wp\/v2\/pages\/163\/revisions"}],"predecessor-version":[{"id":165,"href":"https:\/\/academia.primaevocorp.com\/index.php\/wp-json\/wp\/v2\/pages\/163\/revisions\/165"}],"wp:attachment":[{"href":"https:\/\/academia.primaevocorp.com\/index.php\/wp-json\/wp\/v2\/media?parent=163"}],"curies":[{"name":"wp","href":"https:\/\/api.w.org\/{rel}","templated":true}]}}