{"id":34,"date":"2021-08-25T15:53:19","date_gmt":"2021-08-25T15:53:19","guid":{"rendered":"http:\/\/academia.primaevocorp.com\/?page_id=34"},"modified":"2022-02-22T22:03:28","modified_gmt":"2022-02-22T22:03:28","slug":"principal","status":"publish","type":"page","link":"https:\/\/academia.primaevocorp.com\/","title":{"rendered":"Principal"},"content":{"rendered":"\n<div class=\"alignfull wp-block-ugb-header ugb-header ugb-59fd4ca ugb-header ugb-header--v3 ugb-header--design-plain ugb-main-block ugb--has-custom-content-width-tablet ugb-main-block--inner-wide ugb--has-block-background ugb--has-background-overlay ugb--has-bottom-separator\"><style>.ugb-59fd4ca .ugb-header__title{color:#ffffff;text-align:left !important}.ugb-59fd4ca .ugb-header__subtitle{font-size:16px !important;color:#ffffff}.ugb-59fd4ca .ugb-header__buttons{justify-content:flex-start !important}.ugb-59fd4ca .ugb-button1 .ugb-button--inner{font-family:\"Lato\",Sans-serif !important}.ugb-59fd4ca .ugb-button1{background-color:var(--theme-palette-color-3,#3A4F66);border-radius:100px !important}.ugb-59fd4ca .ugb-button1 .ugb-button--inner,.ugb-59fd4ca .ugb-button1 svg:not(.ugb-custom-icon){color:var(--theme-palette-color-7,#FAFBFC) !important}.ugb-59fd4ca .ugb-button1:before{border-radius:100px !important}.ugb-59fd4ca .ugb-button2 .ugb-button--inner{font-family:\"Lato\",Sans-serif !important;color:var(--theme-palette-color-4,#192a3d) !important}.ugb-59fd4ca .ugb-button2.ugb-button--has-icon.ugb-button--has-icon svg:not(.ugb-custom-icon){color:var(--theme-palette-color-4,#192a3d)}.ugb-59fd4ca .ugb-button2{border-radius:100px !important}.ugb-59fd4ca .ugb-button2:before{border-radius:100px !important}.ugb-59fd4ca .ugb-inner-block{text-align:left}.ugb-59fd4ca.ugb-header{background-color:#00588b}.ugb-59fd4ca.ugb-header:before{background-image:linear-gradient(90deg,#00588b 0%,#2ee0ff 100%)}@media screen and (max-width:1025px){.ugb-59fd4ca.ugb-header > .ugb-inner-block{min-width:auto !important;max-width:100% !important}}@media screen and (min-width:768px) and (max-width:1025px){.ugb-59fd4ca.ugb-header{padding-top:5% !important;padding-right:5% !important;padding-bottom:5% !important;padding-left:5% !important}}@media screen and (max-width:768px){.ugb-59fd4ca .ugb-header__subtitle{font-size:21px !important;margin-bottom:32px !important}}<\/style><div class=\"ugb-bottom-separator\"><div class=\"ugb-separator-wrapper\"><svg xmlns=\"http:\/\/www.w3.org\/2000\/svg\" viewbox=\"0 0 1600 200\" filter=\"url(#wave-3-shadow_svg__a)\" enablebackground=\"new 0 0 1600 200\" class=\"ugb-separator__shadow\" preserveaspectratio=\"none\" aria-hidden=\"true\"><filter id=\"wave-3-shadow_svg__a\"><feGaussianBlur in=\"SourceAlpha\" stddeviation=\"4\"><\/feGaussianBlur><feComponentTransfer><feFuncA type=\"linear\" slope=\"0.4\"><\/feFuncA><\/feComponentTransfer><feMerge><feMergeNode><\/feMergeNode><feMergeNode in=\"SourceGraphic\"><\/feMergeNode><\/feMerge><\/filter><path class=\"wave-3-shadow_svg__st2\" d=\"M1413.6 161.4c-157.9 0-338.2-37.7-495.1-67.4-215.6-40.8-328.1-44.6-418.2-41.1S317 73.4 188.5 102-10 136.2-10 136.2v10s69.9-5.7 198.5-34.3 221.7-45.7 311.8-49.1 202.6.3 418.2 41.1c156.9 29.7 337.2 67.4 495.1 67.4 127.6 0 196.4-19.4 196.4-19.4v-10s-68.8 19.5-196.4 19.5z\"><\/path><\/svg><svg xmlns=\"http:\/\/www.w3.org\/2000\/svg\" viewbox=\"0 0 1600 200\" class=\"ugb-separator__layer-1\" preserveaspectratio=\"none\" aria-hidden=\"true\"><path class=\"wave-3_svg__st2\" d=\"M1413.6 161.4c-157.9 0-338.2-37.7-495.1-67.4-215.6-40.8-328.1-44.6-418.2-41.1S317 73.4 188.4 102-10 136.2-10 136.2v74.2h1620v-68.5s-68.8 19.5-196.4 19.5z\"><\/path><\/svg><\/div><\/div><div class=\"ugb-inner-block ugb-inner-block--wide\"><div class=\"ugb-block-content\"><div class=\"ugb-header__item\"><div class=\"ugb-content-wrapper\"><h1 class=\"ugb-header__title\">\u00a1Bienvenido a nuestra academia!<\/h1><p class=\"ugb-header__subtitle\">Nos alegra tenerte aqu\u00ed y esperamos que disfrutes y te diviertas mientras aprendes. En esta parte inicial, encontraras toda la informaci\u00f3n principal de manera r\u00e1pida, si necesitas ayuda no dudes en&#8230;<\/p><div class=\"ugb-header__buttons\"><div class=\"ugb-button-container\"><a class=\"ugb-button1 ugb-button ugb-button--size-small ugb--hover-effect-scale\" href=\"https:\/\/academia.primaevocorp.com\/index.php\/registro\/\" rel=\"\" title=\"\"><span class=\"ugb-button--inner\">Reg\u00edstrate<\/span><\/a><\/div><div class=\"ugb-button-container\"><a class=\"ugb-button2 ugb-button ugb-button--size-small ugb--hover-effect-scale ugb-button--design-plain ugb-button--has-icon ugb-button--icon-position-right\" href=\"https:\/\/academia.primaevocorp.com\/index.php\/mi-cuenta\/\" rel=\"\" title=\"\"><div class=\"ugb-icon-inner-svg\"><svg aria-hidden=\"true\" focusable=\"false\" data-prefix=\"fas\" data-icon=\"long-arrow-alt-right\" class=\"svg-inline--fa fa-long-arrow-alt-right fa-w-14\" role=\"img\" xmlns=\"http:\/\/www.w3.org\/2000\/svg\" viewBox=\"0 0 448 512\"><path fill=\"currentColor\" d=\"M313.941 216H12c-6.627 0-12 5.373-12 12v56c0 6.627 5.373 12 12 12h301.941v46.059c0 21.382 25.851 32.09 40.971 16.971l86.059-86.059c9.373-9.373 9.373-24.569 0-33.941l-86.059-86.059c-15.119-15.119-40.971-4.411-40.971 16.971V216z\"><\/path><\/svg><\/div><span class=\"ugb-button--inner\">Ingresa aqu\u00ed<\/span><\/a><\/div><\/div><\/div><\/div><\/div><\/div><\/div>\n\n\n\n<div class=\"wp-block-ugb-cta ugb-cta ugb-ce9ea64 ugb-cta ugb-cta--v2 ugb-main-block\"><div class=\"ugb-inner-block\"><div class=\"ugb-block-content\"><div class=\"ugb-cta__item\"><h3 class=\"ugb-cta__title\">\u00bfSi te gusta nuestro trabajo? <\/h3><p class=\"ugb-cta__description\">De ser as\u00ed no dudes en apoyarnos para seguir trabajando por la libertad.<\/p><div class=\"ugb-button-container\"><a class=\"ugb-button ugb-button--size-normal\" href=\"https:\/\/www.paypal.com\/donate\/?hosted_button_id=3D4TGS8UQGJU6\" target=\"_blank\" rel=\"noopener noreferrer\" title=\"\"><span class=\"ugb-button--inner\">D\u00f3nanos<\/span><\/a><\/div><\/div><\/div><\/div><\/div>\n\n\n\n<h4 class=\"wp-block-heading\">Mira todos los cursos ofertados<\/h4>\n\n\n\n<div data-align-buttons=\"false\" data-block-name=\"woocommerce\/all-products\" data-columns=\"3\" data-content-visibility=\"{&quot;orderBy&quot;:true}\" data-layout-config=\"[[&quot;woocommerce\\\/product-image&quot;],[&quot;woocommerce\\\/product-title&quot;],[&quot;woocommerce\\\/product-price&quot;],[&quot;woocommerce\\\/product-rating&quot;],[&quot;woocommerce\\\/product-button&quot;]]\" data-orderby=\"date\" data-rows=\"3\" class=\"wp-block-woocommerce-all-products wc-block-all-products\" data-attributes=\"{&quot;alignButtons&quot;:false,&quot;columns&quot;:3,&quot;contentVisibility&quot;:{&quot;orderBy&quot;:true},&quot;isPreview&quot;:false,&quot;layoutConfig&quot;:[[&quot;woocommerce\/product-image&quot;],[&quot;woocommerce\/product-title&quot;],[&quot;woocommerce\/product-price&quot;],[&quot;woocommerce\/product-rating&quot;],[&quot;woocommerce\/product-button&quot;]],&quot;orderby&quot;:&quot;date&quot;,&quot;rows&quot;:3}\"><\/div>\n","protected":false},"excerpt":{"rendered":"<p>\u00a1Bienvenido a nuestra academia! Nos alegra tenerte aqu\u00ed y esperamos que disfrutes y te diviertas mientras aprendes. En esta parte inicial, encontraras toda la informaci\u00f3n principal de manera r\u00e1pida, si necesitas ayuda no dudes en&#8230; Reg\u00edstrate Ingresa aqu\u00ed \u00bfSi te gusta nuestro trabajo? De ser as\u00ed no dudes en apoyarnos para seguir trabajando por la [&hellip;]<\/p>\n","protected":false},"author":1,"featured_media":0,"parent":0,"menu_order":0,"comment_status":"closed","ping_status":"closed","template":"","meta":{"footnotes":""},"class_list":["post-34","page","type-page","status-publish","hentry"],"blocksy_meta":{"styles_descriptor":{"styles":{"desktop":"","tablet":"","mobile":""},"google_fonts":[],"version":6}},"featured_image_urls":{"full":"","thumbnail":"","medium":"","medium_large":"","large":"","course_archive_thumbnail":"","course_single_thumbnail":"","lesson_archive_thumbnail":"","lesson_single_thumbnail":"","1536x1536":"","2048x2048":"","woocommerce_archive_thumbnail":"","woocommerce_thumbnail":"","woocommerce_single":"","woocommerce_gallery_thumbnail":""},"post_excerpt_stackable":"<p>\u00a1Bienvenido a nuestra academia!Nos alegra tenerte aqu\u00ed y esperamos que disfrutes y te diviertas mientras aprendes. En esta parte inicial, encontraras toda la informaci\u00f3n principal de manera r\u00e1pida, si necesitas ayuda no dudes en&#8230;Reg\u00edstrateIngresa aqu\u00ed \u00bfSi te gusta nuestro trabajo? De ser as\u00ed no dudes en apoyarnos para seguir trabajando por la libertad.D\u00f3nanos Mira todos los cursos ofertados<\/p>\n","category_list":"","author_info":{"name":"primaevoadmin","url":"https:\/\/academia.primaevocorp.com\/index.php\/author\/primaevoadmin\/"},"comments_num":"0 comentarios","featured_image_urls_v2":{"full":"","thumbnail":"","medium":"","medium_large":"","large":"","course_archive_thumbnail":"","course_single_thumbnail":"","lesson_archive_thumbnail":"","lesson_single_thumbnail":"","1536x1536":"","2048x2048":"","woocommerce_archive_thumbnail":"","woocommerce_thumbnail":"","woocommerce_single":"","woocommerce_gallery_thumbnail":""},"post_excerpt_stackable_v2":"<p>\u00a1Bienvenido a nuestra academia!Nos alegra tenerte aqu\u00ed y esperamos que disfrutes y te diviertas mientras aprendes. En esta parte inicial, encontraras toda la informaci\u00f3n principal de manera r\u00e1pida, si necesitas ayuda no dudes en&#8230;Reg\u00edstrateIngresa aqu\u00ed \u00bfSi te gusta nuestro trabajo? De ser as\u00ed no dudes en apoyarnos para seguir trabajando por la libertad.D\u00f3nanos Mira todos los cursos ofertados<\/p>\n","category_list_v2":"","author_info_v2":{"name":"primaevoadmin","url":"https:\/\/academia.primaevocorp.com\/index.php\/author\/primaevoadmin\/"},"comments_num_v2":"0 comentarios","_links":{"self":[{"href":"https:\/\/academia.primaevocorp.com\/index.php\/wp-json\/wp\/v2\/pages\/34","targetHints":{"allow":["GET"]}}],"collection":[{"href":"https:\/\/academia.primaevocorp.com\/index.php\/wp-json\/wp\/v2\/pages"}],"about":[{"href":"https:\/\/academia.primaevocorp.com\/index.php\/wp-json\/wp\/v2\/types\/page"}],"author":[{"embeddable":true,"href":"https:\/\/academia.primaevocorp.com\/index.php\/wp-json\/wp\/v2\/users\/1"}],"replies":[{"embeddable":true,"href":"https:\/\/academia.primaevocorp.com\/index.php\/wp-json\/wp\/v2\/comments?post=34"}],"version-history":[{"count":13,"href":"https:\/\/academia.primaevocorp.com\/index.php\/wp-json\/wp\/v2\/pages\/34\/revisions"}],"predecessor-version":[{"id":422,"href":"https:\/\/academia.primaevocorp.com\/index.php\/wp-json\/wp\/v2\/pages\/34\/revisions\/422"}],"wp:attachment":[{"href":"https:\/\/academia.primaevocorp.com\/index.php\/wp-json\/wp\/v2\/media?parent=34"}],"curies":[{"name":"wp","href":"https:\/\/api.w.org\/{rel}","templated":true}]}}