{"id":379,"date":"2021-10-24T20:25:51","date_gmt":"2021-10-24T20:25:51","guid":{"rendered":"https:\/\/academia.primaevocorp.com\/?post_type=product&#038;p=379"},"modified":"2021-11-09T14:42:39","modified_gmt":"2021-11-09T14:42:39","slug":"diplomado-en-politica-economica-otman-dominguez","status":"publish","type":"product","link":"https:\/\/academia.primaevocorp.com\/index.php\/product\/diplomado-en-politica-economica-otman-dominguez\/","title":{"rendered":"Diplomado en pol\u00edtica econ\u00f3mica (Otman Dom\u00ednguez)"},"content":{"rendered":"<p>Este diplomado lo dicta el tutor Otman Dom\u00ednguez Economista, estudioso de la Econom\u00eda, Austr\u00edaca, Asesor de Proyectos para PYMES. Formado en la Filosof\u00eda realista del sentido com\u00fan.<\/p>\n<p>Los horarios son Martes &#8211; Jueves de 6 a 8 PM y S\u00e1bado de 5 a 7 PM.<\/p>\n","protected":false},"excerpt":{"rendered":"<p>Diplomado nivel principiante para comprender las herramientas de intervenci\u00f3n del Estado en la econom\u00eda.<\/p>\n","protected":false},"featured_media":383,"comment_status":"open","ping_status":"closed","template":"","meta":[],"product_brand":[],"product_cat":[36],"product_tag":[39,40],"class_list":{"0":"post-379","1":"product","2":"type-product","3":"status-publish","4":"has-post-thumbnail","6":"product_cat-diplomados","7":"product_tag-economia","8":"product_tag-politica","9":"post","11":"first","12":"outofstock","13":"featured","14":"virtual","15":"sold-individually","16":"purchasable","17":"product-type-simple"},"featured_image_urls":{"full":["https:\/\/academia.primaevocorp.com\/wp-content\/uploads\/2021\/10\/Politica-economica-Otman-.png",1414,2000,false],"thumbnail":["https:\/\/academia.primaevocorp.com\/wp-content\/uploads\/2021\/10\/Politica-economica-Otman--150x150.png",150,150,true],"medium":["https:\/\/academia.primaevocorp.com\/wp-content\/uploads\/2021\/10\/Politica-economica-Otman--212x300.png",212,300,true],"medium_large":["https:\/\/academia.primaevocorp.com\/wp-content\/uploads\/2021\/10\/Politica-economica-Otman--768x1086.png",768,1086,true],"large":["https:\/\/academia.primaevocorp.com\/wp-content\/uploads\/2021\/10\/Politica-economica-Otman--724x1024.png",724,1024,true],"course_archive_thumbnail":["https:\/\/academia.primaevocorp.com\/wp-content\/uploads\/2021\/10\/Politica-economica-Otman--71x100.png",71,100,true],"course_single_thumbnail":["https:\/\/academia.primaevocorp.com\/wp-content\/uploads\/2021\/10\/Politica-economica-Otman--71x100.png",71,100,true],"lesson_archive_thumbnail":["https:\/\/academia.primaevocorp.com\/wp-content\/uploads\/2021\/10\/Politica-economica-Otman--71x100.png",71,100,true],"lesson_single_thumbnail":["https:\/\/academia.primaevocorp.com\/wp-content\/uploads\/2021\/10\/Politica-economica-Otman--71x100.png",71,100,true],"1536x1536":["https:\/\/academia.primaevocorp.com\/wp-content\/uploads\/2021\/10\/Politica-economica-Otman--1086x1536.png",1086,1536,true],"2048x2048":["https:\/\/academia.primaevocorp.com\/wp-content\/uploads\/2021\/10\/Politica-economica-Otman-.png",1414,2000,false],"woocommerce_archive_thumbnail":["https:\/\/academia.primaevocorp.com\/wp-content\/uploads\/2021\/10\/Politica-economica-Otman--300x400.png",300,400,true],"woocommerce_thumbnail":["https:\/\/academia.primaevocorp.com\/wp-content\/uploads\/2021\/10\/Politica-economica-Otman--300x400.png",300,400,true],"woocommerce_single":["https:\/\/academia.primaevocorp.com\/wp-content\/uploads\/2021\/10\/Politica-economica-Otman--600x849.png",600,849,true],"woocommerce_gallery_thumbnail":["https:\/\/academia.primaevocorp.com\/wp-content\/uploads\/2021\/10\/Politica-economica-Otman--100x100.png",100,100,true]},"post_excerpt_stackable":"<p>Diplomado nivel principiante para comprender las herramientas de intervenci\u00f3n del Estado en la econom\u00eda.<\/p>\n","category_list":"","author_info":{"name":"","url":""},"comments_num":"0 comentarios","featured_image_urls_v2":{"full":["https:\/\/academia.primaevocorp.com\/wp-content\/uploads\/2021\/10\/Politica-economica-Otman-.png",1414,2000,false],"thumbnail":["https:\/\/academia.primaevocorp.com\/wp-content\/uploads\/2021\/10\/Politica-economica-Otman--150x150.png",150,150,true],"medium":["https:\/\/academia.primaevocorp.com\/wp-content\/uploads\/2021\/10\/Politica-economica-Otman--212x300.png",212,300,true],"medium_large":["https:\/\/academia.primaevocorp.com\/wp-content\/uploads\/2021\/10\/Politica-economica-Otman--768x1086.png",768,1086,true],"large":["https:\/\/academia.primaevocorp.com\/wp-content\/uploads\/2021\/10\/Politica-economica-Otman--724x1024.png",724,1024,true],"course_archive_thumbnail":["https:\/\/academia.primaevocorp.com\/wp-content\/uploads\/2021\/10\/Politica-economica-Otman--71x100.png",71,100,true],"course_single_thumbnail":["https:\/\/academia.primaevocorp.com\/wp-content\/uploads\/2021\/10\/Politica-economica-Otman--71x100.png",71,100,true],"lesson_archive_thumbnail":["https:\/\/academia.primaevocorp.com\/wp-content\/uploads\/2021\/10\/Politica-economica-Otman--71x100.png",71,100,true],"lesson_single_thumbnail":["https:\/\/academia.primaevocorp.com\/wp-content\/uploads\/2021\/10\/Politica-economica-Otman--71x100.png",71,100,true],"1536x1536":["https:\/\/academia.primaevocorp.com\/wp-content\/uploads\/2021\/10\/Politica-economica-Otman--1086x1536.png",1086,1536,true],"2048x2048":["https:\/\/academia.primaevocorp.com\/wp-content\/uploads\/2021\/10\/Politica-economica-Otman-.png",1414,2000,false],"woocommerce_archive_thumbnail":["https:\/\/academia.primaevocorp.com\/wp-content\/uploads\/2021\/10\/Politica-economica-Otman--300x400.png",300,400,true],"woocommerce_thumbnail":["https:\/\/academia.primaevocorp.com\/wp-content\/uploads\/2021\/10\/Politica-economica-Otman--300x400.png",300,400,true],"woocommerce_single":["https:\/\/academia.primaevocorp.com\/wp-content\/uploads\/2021\/10\/Politica-economica-Otman--600x849.png",600,849,true],"woocommerce_gallery_thumbnail":["https:\/\/academia.primaevocorp.com\/wp-content\/uploads\/2021\/10\/Politica-economica-Otman--100x100.png",100,100,true]},"post_excerpt_stackable_v2":"<p>Diplomado nivel principiante para comprender las herramientas de intervenci\u00f3n del Estado en la econom\u00eda.<\/p>\n","category_list_v2":"","author_info_v2":{"name":"","url":""},"comments_num_v2":"0 comentarios","_links":{"self":[{"href":"https:\/\/academia.primaevocorp.com\/index.php\/wp-json\/wp\/v2\/product\/379","targetHints":{"allow":["GET"]}}],"collection":[{"href":"https:\/\/academia.primaevocorp.com\/index.php\/wp-json\/wp\/v2\/product"}],"about":[{"href":"https:\/\/academia.primaevocorp.com\/index.php\/wp-json\/wp\/v2\/types\/product"}],"replies":[{"embeddable":true,"href":"https:\/\/academia.primaevocorp.com\/index.php\/wp-json\/wp\/v2\/comments?post=379"}],"wp:featuredmedia":[{"embeddable":true,"href":"https:\/\/academia.primaevocorp.com\/index.php\/wp-json\/wp\/v2\/media\/383"}],"wp:attachment":[{"href":"https:\/\/academia.primaevocorp.com\/index.php\/wp-json\/wp\/v2\/media?parent=379"}],"wp:term":[{"taxonomy":"product_brand","embeddable":true,"href":"https:\/\/academia.primaevocorp.com\/index.php\/wp-json\/wp\/v2\/product_brand?post=379"},{"taxonomy":"product_cat","embeddable":true,"href":"https:\/\/academia.primaevocorp.com\/index.php\/wp-json\/wp\/v2\/product_cat?post=379"},{"taxonomy":"product_tag","embeddable":true,"href":"https:\/\/academia.primaevocorp.com\/index.php\/wp-json\/wp\/v2\/product_tag?post=379"}],"curies":[{"name":"wp","href":"https:\/\/api.w.org\/{rel}","templated":true}]}}